{"id":16437,"date":"2017-07-22T20:15:51","date_gmt":"2017-07-22T18:15:51","guid":{"rendered":"http:\/\/www.lungenhochdruck.ch\/useronline\/"},"modified":"2018-12-04T13:00:27","modified_gmt":"2018-12-04T12:00:27","slug":"useronline","status":"publish","type":"page","link":"https:\/\/staging.lungenhochdruck.ch\/fr\/useronline\/","title":{"rendered":"membres en ligne"},"content":{"rendered":"<p><code><div id=\"useronline-details\"><p>Il y a un total de  <strong>78 Benutzer<\/strong> actuellement en ligne: <strong>0 Mitglieder<\/strong>, <strong>20 G\u00e4ste<\/strong> and <strong>58 Bots<\/strong>.<\/p><p>Le plus grand nombre d'utilisateurs en ligne a \u00e9t\u00e9 de <strong>1\u00a0283<\/strong>, le <strong>17. mars 2026 @ 09:32<\/strong><\/p><h2>20 G\u00e4ste Actuellement en ligne<\/h2><p><strong>#1 - Ospite<\/strong>  le 21. avril 2026 @ 02:57<br\/>Lungenhochdruck &raquo; Johanniskraut - Lungenhochdruck [<a href=\"\/it\/glossar\/johanniskraut\/\">URL<\/a>] <\/p>\n<p><strong>#2 - Gast<\/strong>  le 21. avril 2026 @ 02:44<br\/>Lungenhochdruck &raquo; 3.-5. November 2006 \/ (D) 9.PH-Patiententreffen - Lungenhochdruck [<a href=\"\/3-5-november-2006-d-9-ph-patiententreffen\/\">URL<\/a>] <\/p>\n<p><strong>#3 - Gast<\/strong>  le 21. avril 2026 @ 02:44<br\/>LungenhochdruckVerkaufsb\u00f6rse Archive - Lungenhochdruck [<a href=\"\/category\/verkaufsboerse\/\">URL<\/a>] <\/p>\n<p><strong>#4 - Gast<\/strong>  le 21. avril 2026 @ 02:25<br\/>Lungenhochdruck &raquo; Bildergalerie 2011-2015 - Lungenhochdruck [<a href=\"\/bildergalerie\/bildergalerie-2011\/\">URL<\/a>] <\/p>\n<p><strong>#5 - Gast<\/strong>  le 21. avril 2026 @ 02:12<br\/>Lungenhochdruck &raquo; PHA - Lungenhochdruck [<a href=\"\/glossar\/pha\/\">URL<\/a>] <\/p>\n<p><strong>#6 - Gast<\/strong>  le 21. avril 2026 @ 01:53<br\/>LungenhochdruckVeranstaltungen f\u00fcr 23. Mai 2025 &#8211; Lungenhochdruck [<a href=\"\/Veranstaltungen\/2025-05-23\/\">URL<\/a>] [<a href=\"https:\/\/staging.lungenhochdruck.ch\/\">R\u00e9f\u00e9rent<\/a>]<\/p>\n<p><strong>#7 - Gast<\/strong>  le 21. avril 2026 @ 01:38<br\/>Lungenhochdruck &raquo; Unterst\u00fctzer - Lungenhochdruck [<a href=\"\/service\/sponsoren\/\">URL<\/a>] <\/p>\n<p><strong>#8 - Gast<\/strong>  le 21. avril 2026 @ 01:25<br\/>LungenhochdruckVeranstaltungen von 21. Oktober 2022 &#8211; 6. September 2023 &#8250; Angeh\u00f6rigentreffen &#8250;  &#8211; Lungenhochdruck [<a href=\"\/Veranstaltungen\/categoria\/angehoerigentreffen\/Liste\/\">URL<\/a>] <\/p>\n<p><strong>#9 - Gast<\/strong>  le 21. avril 2026 @ 01:24<br\/>Lungenhochdruck &raquo; Wie Nahrungsmittel auf Medikamente wirken - Lungenhochdruck [<a href=\"\/wie-nahrungsmittel-auf-medikamente-wirken\/\">URL<\/a>] [<a href=\"https:\/\/www.lungenhochdruck.ch\/wie-nahrungsmittel-auf-medikamente-wirken\">R\u00e9f\u00e9rent<\/a>]<\/p>\n<p><strong>#10 - Gast<\/strong>  le 21. avril 2026 @ 01:22<br\/>LungenhochdruckVeranstaltungen von 21. Oktober 2022 &#8211; 6. September 2023 &#8211; Lungenhochdruck [<a href=\"\/events\/\">URL<\/a>] <\/p>\n<p><strong>#11 - Gast<\/strong>  le 21. avril 2026 @ 01:22<br\/>LungenhochdruckVeranstaltungen f\u00fcr 24. November 2025 &#8250; PH-Treffen Deutschland &#8250;  &#8211; Lungenhochdruck [<a href=\"\/Veranstaltungen\/categoria\/ph-treffen-deutschland\/Tag\/2025-11-24\/\">URL<\/a>] <\/p>\n<p><strong>#12 - Gast<\/strong>  le 21. avril 2026 @ 01:19<br\/>Lungenhochdruck &raquo; Spirometrie - Lungenhochdruck [<a href=\"\/glossar\/spirometrie\/\">URL<\/a>] [<a href=\"https:\/\/www.lungenhochdruck.ch\/die-lunge-und-die-lungenfunktionsdaten\/\">R\u00e9f\u00e9rent<\/a>]<\/p>\n<p><strong>#13 - Gast<\/strong>  le 21. avril 2026 @ 01:13<br\/>LungenhochdruckVeranstaltungen f\u00fcr 17. September 2023 &#8250; Carausflug &#8250;  &#8211; Lungenhochdruck [<a href=\"\/Veranstaltungen\/categoria\/carausflug\/Tag\/2023-09-17\/\">URL<\/a>] [<a href=\"https:\/\/www.lungenhochdruck.ch\/\">R\u00e9f\u00e9rent<\/a>]<\/p>\n<p><strong>#14 - Gast<\/strong>  le 21. avril 2026 @ 01:09<br\/>Lungenhochdruck &raquo; angio - Lungenhochdruck [<a href=\"\/glossar\/angio\/\">URL<\/a>] [<a href=\"https:\/\/www.lungenhochdruck.ch\/\">R\u00e9f\u00e9rent<\/a>]<\/p>\n<p><strong>#15 - Gast<\/strong>  le 21. avril 2026 @ 01:02<br\/>Lungenhochdruck &raquo; PH Patientenschulung - Lungenhochdruck [<a href=\"\/event\/ph-patientenschulung\/\">URL<\/a>] [<a href=\"https:\/\/staging.lungenhochdruck.ch\/\">R\u00e9f\u00e9rent<\/a>]<\/p>\n<p><strong>#16 - Gast<\/strong>  le 21. avril 2026 @ 01:02<br\/>LungenhochdruckVeranstaltungen f\u00fcr 31. Mai 2023 &#8250; Carausflug &#8250;  &#8211; Lungenhochdruck [<a href=\"\/Veranstaltungen\/categoria\/carausflug\/Tag\/2023-05-31\/\">URL<\/a>] [<a href=\"https:\/\/staging.lungenhochdruck.ch\/\">R\u00e9f\u00e9rent<\/a>]<\/p>\n<p><strong>#17 - Gast<\/strong>  le 21. avril 2026 @ 00:53<br\/>LungenhochdruckVeranstaltungen f\u00fcr 5. M\u00e4rz 2026 &#8250; Dreil\u00e4ndertreffen &#8250;  &#8211; Lungenhochdruck [<a href=\"\/Veranstaltungen\/categoria\/dreilaendertreffen\/Tag\/2026-03-05\/\">URL<\/a>] [<a href=\"https:\/\/www.lungenhochdruck.ch\/\">R\u00e9f\u00e9rent<\/a>]<\/p>\n<p><strong>#18 - Gast<\/strong>  le 21. avril 2026 @ 00:52<br\/>LungenhochdruckVeranstaltungen f\u00fcr 20. September 2023 &#8250; Carausflug &#8250;  &#8211; Lungenhochdruck [<a href=\"\/Veranstaltungen\/categoria\/carausflug\/Tag\/2023-09-20\/\">URL<\/a>] [<a href=\"https:\/\/www.lungenhochdruck.ch\/\">R\u00e9f\u00e9rent<\/a>]<\/p>\n<p><strong>#19 - Gast<\/strong>  le 21. avril 2026 @ 00:43<br\/>Lungenhochdruck &raquo; Fragen und Antworten - Lungenhochdruck [<a href=\"\/ph\/fragen-und-antworten-fuer-patienten-mit-pulmonaler-hypertonie\/\">URL<\/a>] [<a href=\"https:\/\/www.google.com\/\">R\u00e9f\u00e9rent<\/a>]<\/p>\n<p><strong>#20 - Invit\u00e9<\/strong>  le 21. avril 2026 @ 00:38<br\/>Lungenhochdruck &raquo; PH - Lungenhochdruck [<a href=\"\/fr\/glossar\/ph\/\">URL<\/a>] <\/p>\n<h2>58 Bots Actuellement en ligne<\/h2><p><strong>#1 - ClaudeBot<\/strong>  le 21. avril 2026 @ 03:07<br\/>Lungenhochdruck &raquo; Pulsoximeter - Lungenhochdruck [<a href=\"\/it\/glossar\/pulsoximeter\/\">URL<\/a>] <\/p>\n<p><strong>#2 - Crawl<\/strong>  le 21. avril 2026 @ 03:07<br\/>LungenhochdruckVeranstaltungen f\u00fcr 20. August 2024 &#8250; Schweizer PH-Treffen &#8250;  &#8211; Lungenhochdruck [<a href=\"\/Veranstaltungen\/categoria\/schweizer-ph-treffen\/Tag\/2024-08-20\/\">URL<\/a>] <\/p>\n<p><strong>#3 - Apple<\/strong>  le 21. avril 2026 @ 03:03<br\/>Lungenhochdruck &raquo; Die Lungenfunktionspr\u00fcfung - Lungenhochdruck [<a href=\"\/die-lungenfunktionspruefung\/\">URL<\/a>] <\/p>\n<p><strong>#4 - Bing<\/strong>  le 21. avril 2026 @ 03:02<br\/>Lungenhochdruck &raquo; TEI-Index - Lungenhochdruck [<a href=\"\/glossar\/tei-index\/\">URL<\/a>] <\/p>\n<p><strong>#5 - Bing<\/strong>  le 21. avril 2026 @ 03:02<br\/>LungenhochdruckEventi &#8211; 9. Luglio 2024 &#8211; Lungenhochdruck [<a href=\"\/it\/eventi\/2024-07-09\/\">URL<\/a>] <\/p>\n<p><strong>#6 - Google<\/strong>  le 21. avril 2026 @ 02:59<br\/>Lungenhochdruck &raquo; Lungenhochdruck- Genbahn - Lungenhochdruck [<a href=\"\/lungenhochdruck-genbahn\/\">URL<\/a>] <\/p>\n<p><strong>#7 - Go-http-client<\/strong>  le 21. avril 2026 @ 02:57<br\/>Lungenhochdruck &raquo; Cor pulmonale - Lungenhochdruck [<a href=\"\/cor-pulmonale\/\">URL<\/a>] <\/p>\n<p><strong>#8 - Apple<\/strong>  le 21. avril 2026 @ 02:47<br\/>LungenhochdruckVeranstaltungen f\u00fcr 10. Oktober 2025 &#8211; Lungenhochdruck [<a href=\"\/Veranstaltungen\/2025-10-10\/\">URL<\/a>] <\/p>\n<p><strong>#9 - Bing<\/strong>  le 21. avril 2026 @ 02:44<br\/>Lungenhochdruck &raquo; TI - Lungenhochdruck [<a href=\"\/glossar\/ti\/\">URL<\/a>] <\/p>\n<p><strong>#10 - Bing<\/strong>  le 21. avril 2026 @ 02:43<br\/>Lungenhochdruck &raquo; Thromben - Lungenhochdruck [<a href=\"\/glossar\/thromben\/\">URL<\/a>] <\/p>\n<p><strong>#11 - Bing<\/strong>  le 21. avril 2026 @ 02:42<br\/>Lungenhochdruck &raquo; Volibris\u00ae - Lungenhochdruck [<a href=\"\/glossar\/volibris\/\">URL<\/a>] <\/p>\n<p><strong>#12 - Google<\/strong>  le 21. avril 2026 @ 02:32<br\/>Lungenhochdruck &raquo; Lungenhochdruck | PH-Verein | Pulmonale Hypertonie [<a href=\"\/page\/162\/\">URL<\/a>] <\/p>\n<p><strong>#13 - Google<\/strong>  le 21. avril 2026 @ 02:32<br\/>Lungenhochdruck &raquo; Pulmonale Hypertonie bei Kindern: Selten, aber gef\u00e4hrlich - Lungenhochdruck [<a href=\"\/pulmonale-hypertonie-bei-kindern-selten-aber-gefaehrlich\/\">URL<\/a>] <\/p>\n<p><strong>#14 - Apple<\/strong>  le 21. avril 2026 @ 02:31<br\/>Lungenhochdruck &raquo; Datenschutz - Lungenhochdruck [<a href=\"\/datenschutz\/\">URL<\/a>] <\/p>\n<p><strong>#15 - Apple<\/strong>  le 21. avril 2026 @ 02:24<br\/>Lungenhochdruck\u00c9v\u00e8nements le 14. juillet 2024 &#8211; Lungenhochdruck [<a href=\"\/fr\/%C3%A9v%C3%A8nements\/2024-07-14\/\">URL<\/a>] <\/p>\n<p><strong>#16 - Apple<\/strong>  le 21. avril 2026 @ 02:19<br\/>Lungenhochdruck &raquo; Johanniskraut - Lungenhochdruck [<a href=\"\/glossar\/johanniskraut\/\">URL<\/a>] <\/p>\n<p><strong>#17 - Apple<\/strong>  le 21. avril 2026 @ 02:14<br\/>Lungenhochdruck &raquo; Brosch\u00fcre zu Gerinnungsst\u00f6rungen - Lungenhochdruck [<a href=\"\/broschuere-zu-gerinnungsstoerungen\/\">URL<\/a>] <\/p>\n<p><strong>#18 - Crawl<\/strong>  le 21. avril 2026 @ 02:13<br\/>LungenhochdruckVeranstaltungen f\u00fcr 27. Januar 2025 &#8211; Lungenhochdruck [<a href=\"\/events\/2025-01-27\/\">URL<\/a>] <\/p>\n<p><strong>#19 - Apple<\/strong>  le 21. avril 2026 @ 02:09<br\/>LungenhochdruckVeranstaltungen f\u00fcr August 2023 &#8211; Lungenhochdruck [<a href=\"\/Veranstaltungen\/monat\/2023-08\/\">URL<\/a>] <\/p>\n<p><strong>#20 - Apple<\/strong>  le 21. avril 2026 @ 02:06<br\/>Lungenhochdruck &raquo; Sildenafil - Lungenhochdruck [<a href=\"\/glossar\/sildenafil\/\">URL<\/a>] <\/p>\n<p><strong>#21 - Apple<\/strong>  le 21. avril 2026 @ 02:02<br\/>Lungenhochdruck &raquo; Seltener als ein Sechser im Lotto Nina und Sara haben Lungenhochdruck - Lungenhochdruck [<a href=\"\/seltener-als-ein-sechser-im-lotto-nina-und-sara-haben-lungenhochdruck\/\">URL<\/a>] <\/p>\n<p><strong>#22 - Crawl<\/strong>  le 21. avril 2026 @ 02:01<br\/>LungenhochdruckVeranstaltungen f\u00fcr 29. Januar 2025 &#8211; Lungenhochdruck [<a href=\"\/events\/2025-01-29\/\">URL<\/a>] <\/p>\n<p><strong>#23 - Apple<\/strong>  le 21. avril 2026 @ 01:56<br\/>Lungenhochdruck &raquo; Cookies verwalten - Lungenhochdruck [<a href=\"\/fr\/cookies-verwalten\/\">URL<\/a>] <\/p>\n<p><strong>#24 - Apple<\/strong>  le 21. avril 2026 @ 01:54<br\/>Lungenhochdruck &raquo; Sotatercept Studie - Lungenhochdruck [<a href=\"\/sotatercept-studie\/\">URL<\/a>] <\/p>\n<p><strong>#25 - Apple<\/strong>  le 21. avril 2026 @ 01:53<br\/>Lungenhochdruck &raquo; M\u00f6glichst fr\u00fche Behandlung von Lungenhochdruck - Lungenhochdruck [<a href=\"\/moeglichst-fruehe-behandlung-von-lungenhochdruck\/\">URL<\/a>] <\/p>\n<p><strong>#26 - Bytespider<\/strong>  le 21. avril 2026 @ 01:51<br\/>Lungenhochdruck &raquo; Was geschieht bei einer Transplantation? - Lungenhochdruck [<a href=\"\/was-geschieht-bei-einer-transplantation\/\">URL<\/a>] <\/p>\n<p><strong>#27 - Apple<\/strong>  le 21. avril 2026 @ 01:43<br\/>Lungenhochdruck &raquo; Sostenitori - Lungenhochdruck [<a href=\"\/it\/service\/sponsoren\/\">URL<\/a>] <\/p>\n<p><strong>#28 - Bing<\/strong>  le 21. avril 2026 @ 01:43<br\/>Lungenhochdruck &raquo; Ventavis\u00ae - Lungenhochdruck [<a href=\"\/glossar\/ventavis\/\">URL<\/a>] <\/p>\n<p><strong>#29 - Google<\/strong>  le 21. avril 2026 @ 01:41<br\/>LungenhochdruckGlossar Archiv - Seite 3 von 17 - Lungenhochdruck [<a href=\"\/glossar\/page\/3\/\">URL<\/a>] <\/p>\n<p><strong>#30 - Apple<\/strong>  le 21. avril 2026 @ 01:41<br\/>Lungenhochdruck\u00c9v\u00e8nements le 26. d\u00e9cembre 2022 &#8250; Regionaltreffen &#8250;  &#8211; Lungenhochdruck [<a href=\"\/fr\/%c3%a9v%c3%a8nements\/categoria\/regionaltreffen-fr\/jour\/2022-12-26\/\">URL<\/a>] <\/p>\n<p><strong>#31 - Google<\/strong>  le 21. avril 2026 @ 01:39<br\/>Lungenhochdruck &raquo; Lungenhochdruck | PH-Verein | Pulmonale Hypertonie [<a href=\"\/page\/164\/\">URL<\/a>] <\/p>\n<p><strong>#32 - Apple<\/strong>  le 21. avril 2026 @ 01:39<br\/>Lungenhochdruck &raquo; Tracleer\u00ae - Lungenhochdruck [<a href=\"\/glossar\/tracleer\/\">URL<\/a>] <\/p>\n<p><strong>#33 - Google<\/strong>  le 21. avril 2026 @ 01:36<br\/>LungenhochdruckVergangene Veranstaltungen aus 6. September 2023 &#8211; 21. Oktober 2022 &#8211; Seite 2 &#8211; Lungenhochdruck [<a href=\"\/Veranstaltungen\/Liste\/Seite\/2\/?tribe-bar-date=2024-04-21&#038;eventDisplay=past\">URL<\/a>] <\/p>\n<p><strong>#34 - Google<\/strong>  le 21. avril 2026 @ 01:33<br\/>Lungenhochdruck &raquo; Pulmonale Hypertonie - Lungenhochdruck [<a href=\"\/fr\/ph\/\">URL<\/a>] <\/p>\n<p><strong>#35 - Google<\/strong>  le 21. avril 2026 @ 01:32<br\/>LungenhochdruckDu hast nach 2026 gesucht - Lungenhochdruck [<a href=\"\/it\/?s=2026\">URL<\/a>] <\/p>\n<p><strong>#36 - Apple<\/strong>  le 21. avril 2026 @ 01:32<br\/>Lungenhochdruck\u00c9v\u00e8nements le 25. avril 2025 &#8250; Regionaltreffen &#8250;  &#8211; Lungenhochdruck [<a href=\"\/fr\/%c3%a9v%c3%a8nements\/categoria\/regionaltreffen-fr\/jour\/2025-04-25\/\">URL<\/a>] <\/p>\n<p><strong>#37 - Apple<\/strong>  le 21. avril 2026 @ 01:32<br\/>Lungenhochdruck\u00c9v\u00e8nements le 6. juillet 2023 &#8250; Regionaltreffen &#8250;  &#8211; Lungenhochdruck [<a href=\"\/fr\/%c3%a9v%c3%a8nements\/categoria\/regionaltreffen-fr\/jour\/2023-07-06\/\">URL<\/a>] <\/p>\n<p><strong>#38 - Bing<\/strong>  le 21. avril 2026 @ 01:30<br\/>Lungenhochdruck &raquo; Meine Lungentransplantation im Jahr 2000 - Lungenhochdruck [<a href=\"\/meine-lungentransplantation-im-jahr-2000\/\">URL<\/a>] <\/p>\n<p><strong>#39 - Apple<\/strong>  le 21. avril 2026 @ 01:27<br\/>Lungenhochdruck &raquo; Influence de l&#039;HP sur la vie quotidienne des personnes touch\u00e9es. - Lungenhochdruck [<a href=\"\/fr\/ph\/alltagsleben\/\">URL<\/a>] <\/p>\n<p><strong>#40 - Google<\/strong>  le 21. avril 2026 @ 01:23<br\/>LungenhochdruckVergangene Veranstaltungen aus 6. September 2023 &#8211; 21. Oktober 2022 &#8211; Lungenhochdruck [<a href=\"\/Veranstaltungen\/Liste\/?tribe-bar-date=2024-04-21&#038;eventDisplay=past\">URL<\/a>] <\/p>\n<p><strong>#41 - Apple<\/strong>  le 21. avril 2026 @ 01:23<br\/>LungenhochdruckSeite 61 &#8211; Lungenhochdruck [<a href=\"\/page\/61\/?amp&#038;eventDate=1996-08-02\">URL<\/a>] <\/p>\n<p><strong>#42 - Apple<\/strong>  le 21. avril 2026 @ 01:21<br\/>LungenhochdruckVeranstaltungen f\u00fcr 20. September 2024 &#8211; Lungenhochdruck [<a href=\"\/Veranstaltungen\/2024-09-20\/\">URL<\/a>] <\/p>\n<p><strong>#43 - Bing<\/strong>  le 21. avril 2026 @ 01:18<br\/>LungenhochdruckDu hast nach 6 gesucht - Seite 13 von 164 - Lungenhochdruck [<a href=\"\/page\/13\/?s=6\">URL<\/a>] <\/p>\n<p><strong>#44 - Bing<\/strong>  le 21. avril 2026 @ 01:17<br\/>LungenhochdruckDu hast nach 2026 gesucht - Lungenhochdruck [<a href=\"\/?lang=de&#038;s=2026\">URL<\/a>] <\/p>\n<p><strong>#45 - Apple<\/strong>  le 21. avril 2026 @ 01:11<br\/>LungenhochdruckSeite 60 &#8211; Lungenhochdruck [<a href=\"\/page\/60\/?amp&#038;eventDate=1996-08-02\">URL<\/a>] <\/p>\n<p><strong>#46 - Bing<\/strong>  le 21. avril 2026 @ 01:10<br\/>Lungenhochdruck &raquo; TEI-Index - Lungenhochdruck [<a href=\"\/glossar\/tei-index\/\">URL<\/a>] <\/p>\n<p><strong>#47 - Apple<\/strong>  le 21. avril 2026 @ 01:08<br\/>Lungenhochdruck &raquo; Effigie - Lungenhochdruck [<a href=\"\/it\/ueber-uns\/\">URL<\/a>] <\/p>\n<p><strong>#48 - Apple<\/strong>  le 21. avril 2026 @ 01:08<br\/>Lungenhochdruck &raquo; Betablocker - Lungenhochdruck [<a href=\"\/glossar\/betablocker\/\">URL<\/a>] <\/p>\n<p><strong>#49 - Apple<\/strong>  le 21. avril 2026 @ 01:05<br\/>Lungenhochdruck\u00c9v\u00e8nements le 10. octobre 2023 &#8250; Regionaltreffen &#8250;  &#8211; Lungenhochdruck [<a href=\"\/fr\/%c3%a9v%c3%a8nements\/categoria\/regionaltreffen-fr\/jour\/2023-10-10\/\">URL<\/a>] <\/p>\n<p><strong>#50 - Bing<\/strong>  le 21. avril 2026 @ 01:02<br\/>LungenhochdruckEventi &#8211; Ottobre 2024 &#8211; Lungenhochdruck [<a href=\"\/it\/eventi\/mese\/2024-10\/\">URL<\/a>] <\/p>\n<p><strong>#51 - Apple<\/strong>  le 21. avril 2026 @ 01:01<br\/>Lungenhochdruck &raquo; Actelion erh\u00e4lt Zulassung der US-amerikanischen FDA f\u00fcr Opsumit - Lungenhochdruck [<a href=\"\/actelion-erhaelt-zulassung-der-us-amerikanischen-fda-fuer-opsumit\/\">URL<\/a>] <\/p>\n<p><strong>#52 - Apple<\/strong>  le 21. avril 2026 @ 00:57<br\/>LungenhochdruckSeite 11 &#8211; Lungenhochdruck [<a href=\"\/page\/11\/?amp&#038;eventDate=2013-11-06\">URL<\/a>] <\/p>\n<p><strong>#53 - Apple<\/strong>  le 21. avril 2026 @ 00:54<br\/>LungenhochdruckVeranstaltungen f\u00fcr 3. Juni 2023 &#8250; Dreil\u00e4ndertreffen &#8250;  &#8211; Lungenhochdruck [<a href=\"\/Veranstaltungen\/categoria\/dreilaendertreffen\/Tag\/2023-06-03\/\">URL<\/a>] <\/p>\n<p><strong>#54 - Apple<\/strong>  le 21. avril 2026 @ 00:54<br\/>Lungenhochdruck\u00c9v\u00e8nements le 26. juin 2025 &#8250; Regionaltreffen &#8250;  &#8211; Lungenhochdruck [<a href=\"\/fr\/%c3%a9v%c3%a8nements\/categoria\/regionaltreffen-fr\/jour\/2025-06-26\/\">URL<\/a>] <\/p>\n<p><strong>#55 - Apple<\/strong>  le 21. avril 2026 @ 00:49<br\/>Lungenhochdruck &raquo; Iloprost - Lungenhochdruck [<a href=\"\/glossar\/iloprost\/\">URL<\/a>] <\/p>\n<p><strong>#56 - Apple<\/strong>  le 21. avril 2026 @ 00:46<br\/>Lungenhochdruck\u00c9v\u00e8nements le 6. juin 2023 &#8250; Regionaltreffen &#8250;  &#8211; Lungenhochdruck [<a href=\"\/fr\/%c3%a9v%c3%a8nements\/categoria\/regionaltreffen-fr\/jour\/2023-06-06\/\">URL<\/a>] <\/p>\n<p><strong>#57 - Apple<\/strong>  le 21. avril 2026 @ 00:44<br\/>Lungenhochdruck\u00c9v\u00e8nements le 15. juin 2023 &#8250; Regionaltreffen &#8250;  &#8211; Lungenhochdruck [<a href=\"\/fr\/%c3%a9v%c3%a8nements\/categoria\/regionaltreffen-fr\/jour\/2023-06-15\/\">URL<\/a>] <\/p>\n<p><strong>#58 - Apple<\/strong>  le 21. avril 2026 @ 00:42<br\/>LungenhochdruckDu hast nach gesucht - Pagina 30 di 135 - Lungenhochdruck [<a href=\"\/it\/page\/30\/?lang=it&#038;s\">URL<\/a>] <\/p>\n<\/div><\/code><\/p>\n","protected":false},"excerpt":{"rendered":"Il y a un total de 78 Benutzer actuellement en ligne: 0 Mitglieder, 20 G\u00e4ste and 58 Bots.Le plus grand nombre d'utilisateurs en ligne a \u00e9t\u00e9 de 1\u00a0283, le 17....","protected":false},"author":22,"featured_media":0,"parent":0,"menu_order":0,"comment_status":"closed","ping_status":"closed","template":"","meta":{"footnotes":""},"class_list":["post-16437","page","type-page","status-publish","hentry"],"yoast_head":"<!-- This site is optimized with the Yoast SEO plugin v26.1.1 - https:\/\/yoast.com\/wordpress\/plugins\/seo\/ -->\n<title>membres en ligne - Lungenhochdruck<\/title>\n<meta name=\"description\" content=\"Lungenhochdruck membres en ligne\" \/>\n<meta name=\"robots\" content=\"index, follow, max-snippet:-1, max-image-preview:large, max-video-preview:-1\" \/>\n<link rel=\"canonical\" href=\"https:\/\/www.lungenhochdruck.ch\/fr\/useronline\/\" \/>\n<meta property=\"og:locale\" content=\"fr_FR\" \/>\n<meta property=\"og:type\" content=\"article\" \/>\n<meta property=\"og:title\" content=\"membres en ligne - Lungenhochdruck\" \/>\n<meta property=\"og:description\" content=\"Lungenhochdruck membres en ligne\" \/>\n<meta property=\"og:url\" content=\"https:\/\/www.lungenhochdruck.ch\/fr\/useronline\/\" \/>\n<meta property=\"og:site_name\" content=\"Lungenhochdruck\" \/>\n<meta property=\"article:publisher\" content=\"https:\/\/www.facebook.com\/Lungenhochdruck-Schweiz-111565582240897\/\" \/>\n<meta property=\"article:modified_time\" content=\"2018-12-04T12:00:27+00:00\" \/>\n<meta name=\"twitter:card\" content=\"summary_large_image\" \/>\n<script type=\"application\/ld+json\" class=\"yoast-schema-graph\">{\"@context\":\"https:\/\/schema.org\",\"@graph\":[{\"@type\":\"WebPage\",\"@id\":\"https:\/\/www.lungenhochdruck.ch\/fr\/useronline\/\",\"url\":\"https:\/\/www.lungenhochdruck.ch\/fr\/useronline\/\",\"name\":\"membres en ligne - Lungenhochdruck\",\"isPartOf\":{\"@id\":\"https:\/\/www.lungenhochdruck.ch\/#website\"},\"datePublished\":\"2017-07-22T18:15:51+00:00\",\"dateModified\":\"2018-12-04T12:00:27+00:00\",\"description\":\"Lungenhochdruck membres en ligne\",\"breadcrumb\":{\"@id\":\"https:\/\/www.lungenhochdruck.ch\/fr\/useronline\/#breadcrumb\"},\"inLanguage\":\"fr-FR\",\"potentialAction\":[{\"@type\":\"ReadAction\",\"target\":[\"https:\/\/www.lungenhochdruck.ch\/fr\/useronline\/\"]}]},{\"@type\":\"BreadcrumbList\",\"@id\":\"https:\/\/www.lungenhochdruck.ch\/fr\/useronline\/#breadcrumb\",\"itemListElement\":[{\"@type\":\"ListItem\",\"position\":1,\"name\":\"Startseite\",\"item\":\"https:\/\/www.lungenhochdruck.ch\/fr\/\"},{\"@type\":\"ListItem\",\"position\":2,\"name\":\"membres en ligne\"}]},{\"@type\":\"WebSite\",\"@id\":\"https:\/\/www.lungenhochdruck.ch\/#website\",\"url\":\"https:\/\/www.lungenhochdruck.ch\/\",\"name\":\"Lungenhochdruck\",\"description\":\"pulmonale arterielle Hypertonie\",\"publisher\":{\"@id\":\"https:\/\/www.lungenhochdruck.ch\/#organization\"},\"potentialAction\":[{\"@type\":\"SearchAction\",\"target\":{\"@type\":\"EntryPoint\",\"urlTemplate\":\"https:\/\/www.lungenhochdruck.ch\/?s={search_term_string}\"},\"query-input\":{\"@type\":\"PropertyValueSpecification\",\"valueRequired\":true,\"valueName\":\"search_term_string\"}}],\"inLanguage\":\"fr-FR\"},{\"@type\":\"Organization\",\"@id\":\"https:\/\/www.lungenhochdruck.ch\/#organization\",\"name\":\"SPHV\",\"url\":\"https:\/\/www.lungenhochdruck.ch\/\",\"logo\":{\"@type\":\"ImageObject\",\"inLanguage\":\"fr-FR\",\"@id\":\"https:\/\/www.lungenhochdruck.ch\/#\/schema\/logo\/image\/\",\"url\":\"https:\/\/www.lungenhochdruck.ch\/wp-content\/uploads\/2000\/Logo-m.png\",\"contentUrl\":\"https:\/\/www.lungenhochdruck.ch\/wp-content\/uploads\/2000\/Logo-m.png\",\"width\":147,\"height\":158,\"caption\":\"SPHV\"},\"image\":{\"@id\":\"https:\/\/www.lungenhochdruck.ch\/#\/schema\/logo\/image\/\"},\"sameAs\":[\"https:\/\/www.facebook.com\/Lungenhochdruck-Schweiz-111565582240897\/\",\"https:\/\/instagram.com\/schweizer_ph_verein\",\"https:\/\/www.youtube.com\/channel\/UCgvCafUdjwoMKAzzGiaPyoQ\"]}]}<\/script>\n<!-- \/ Yoast SEO plugin. -->","yoast_head_json":{"title":"membres en ligne - Lungenhochdruck","description":"Lungenhochdruck membres en ligne","robots":{"index":"index","follow":"follow","max-snippet":"max-snippet:-1","max-image-preview":"max-image-preview:large","max-video-preview":"max-video-preview:-1"},"canonical":"https:\/\/www.lungenhochdruck.ch\/fr\/useronline\/","og_locale":"fr_FR","og_type":"article","og_title":"membres en ligne - Lungenhochdruck","og_description":"Lungenhochdruck membres en ligne","og_url":"https:\/\/www.lungenhochdruck.ch\/fr\/useronline\/","og_site_name":"Lungenhochdruck","article_publisher":"https:\/\/www.facebook.com\/Lungenhochdruck-Schweiz-111565582240897\/","article_modified_time":"2018-12-04T12:00:27+00:00","twitter_card":"summary_large_image","schema":{"@context":"https:\/\/schema.org","@graph":[{"@type":"WebPage","@id":"https:\/\/www.lungenhochdruck.ch\/fr\/useronline\/","url":"https:\/\/www.lungenhochdruck.ch\/fr\/useronline\/","name":"membres en ligne - Lungenhochdruck","isPartOf":{"@id":"https:\/\/www.lungenhochdruck.ch\/#website"},"datePublished":"2017-07-22T18:15:51+00:00","dateModified":"2018-12-04T12:00:27+00:00","description":"Lungenhochdruck membres en ligne","breadcrumb":{"@id":"https:\/\/www.lungenhochdruck.ch\/fr\/useronline\/#breadcrumb"},"inLanguage":"fr-FR","potentialAction":[{"@type":"ReadAction","target":["https:\/\/www.lungenhochdruck.ch\/fr\/useronline\/"]}]},{"@type":"BreadcrumbList","@id":"https:\/\/www.lungenhochdruck.ch\/fr\/useronline\/#breadcrumb","itemListElement":[{"@type":"ListItem","position":1,"name":"Startseite","item":"https:\/\/www.lungenhochdruck.ch\/fr\/"},{"@type":"ListItem","position":2,"name":"membres en ligne"}]},{"@type":"WebSite","@id":"https:\/\/www.lungenhochdruck.ch\/#website","url":"https:\/\/www.lungenhochdruck.ch\/","name":"Lungenhochdruck","description":"pulmonale arterielle Hypertonie","publisher":{"@id":"https:\/\/www.lungenhochdruck.ch\/#organization"},"potentialAction":[{"@type":"SearchAction","target":{"@type":"EntryPoint","urlTemplate":"https:\/\/www.lungenhochdruck.ch\/?s={search_term_string}"},"query-input":{"@type":"PropertyValueSpecification","valueRequired":true,"valueName":"search_term_string"}}],"inLanguage":"fr-FR"},{"@type":"Organization","@id":"https:\/\/www.lungenhochdruck.ch\/#organization","name":"SPHV","url":"https:\/\/www.lungenhochdruck.ch\/","logo":{"@type":"ImageObject","inLanguage":"fr-FR","@id":"https:\/\/www.lungenhochdruck.ch\/#\/schema\/logo\/image\/","url":"https:\/\/www.lungenhochdruck.ch\/wp-content\/uploads\/2000\/Logo-m.png","contentUrl":"https:\/\/www.lungenhochdruck.ch\/wp-content\/uploads\/2000\/Logo-m.png","width":147,"height":158,"caption":"SPHV"},"image":{"@id":"https:\/\/www.lungenhochdruck.ch\/#\/schema\/logo\/image\/"},"sameAs":["https:\/\/www.facebook.com\/Lungenhochdruck-Schweiz-111565582240897\/","https:\/\/instagram.com\/schweizer_ph_verein","https:\/\/www.youtube.com\/channel\/UCgvCafUdjwoMKAzzGiaPyoQ"]}]}},"_links":{"self":[{"href":"https:\/\/staging.lungenhochdruck.ch\/fr\/wp-json\/wp\/v2\/pages\/16437","targetHints":{"allow":["GET"]}}],"collection":[{"href":"https:\/\/staging.lungenhochdruck.ch\/fr\/wp-json\/wp\/v2\/pages"}],"about":[{"href":"https:\/\/staging.lungenhochdruck.ch\/fr\/wp-json\/wp\/v2\/types\/page"}],"author":[{"embeddable":true,"href":"https:\/\/staging.lungenhochdruck.ch\/fr\/wp-json\/wp\/v2\/users\/22"}],"replies":[{"embeddable":true,"href":"https:\/\/staging.lungenhochdruck.ch\/fr\/wp-json\/wp\/v2\/comments?post=16437"}],"version-history":[{"count":0,"href":"https:\/\/staging.lungenhochdruck.ch\/fr\/wp-json\/wp\/v2\/pages\/16437\/revisions"}],"wp:attachment":[{"href":"https:\/\/staging.lungenhochdruck.ch\/fr\/wp-json\/wp\/v2\/media?parent=16437"}],"curies":[{"name":"wp","href":"https:\/\/api.w.org\/{rel}","templated":true}]}}